{"id":2545,"date":"2021-05-10T13:40:33","date_gmt":"2021-05-10T13:40:33","guid":{"rendered":"https:\/\/partner.welcomepickups.com\/hoteles\/hoteles-precios\/"},"modified":"2021-05-26T10:41:05","modified_gmt":"2021-05-26T10:41:05","slug":"hoteles-precios","status":"publish","type":"page","link":"https:\/\/partner.welcomepickups.com\/es\/hoteles-precios\/","title":{"rendered":"Precios"},"content":{"rendered":"<section class=\"story\">\n  <div class=\"container\">\n      <div class=\"story-hero\">\n          <h1 class=\"story-hero--title\">El servicio es gratuito para todos los hoteles<\/h1>\n      <\/div>\n\n  <\/div>\n<\/section>\n  <style>\n    body .story-hero{padding:96px 96px 126px}\n body .story-hero--title{font-size:42px;line-height: 48px;}\n    @media (max-width: 767px)\n   { body .story-hero--title{font-size:24px;line-height:32px}\n  }\n  <\/style>\n\n\n<section class=\"story-section                                             \"\n                                >\n\n  <div class=\"container\">\n    <h2 class=\"story-section--title\">Welcome Pickups solo obtiene ingresos cuando se realizan los traslados<\/h2>\n  <\/div>\n      <div class=\"container\">\n              <figure class=\"story-section--image \">\n          <img loading=\"lazy\" decoding=\"async\" width=\"900\" height=\"563\" src=\"https:\/\/partner.welcomepickups.com\/wp-content\/uploads\/2021\/03\/couple_in_car@2x.jpg\" class=\"attachment-full size-full\" alt=\"\" srcset=\"https:\/\/partner.welcomepickups.com\/wp-content\/uploads\/2021\/03\/couple_in_car@2x.jpg 900w, https:\/\/partner.welcomepickups.com\/wp-content\/uploads\/2021\/03\/couple_in_car@2x-300x188.jpg 300w, https:\/\/partner.welcomepickups.com\/wp-content\/uploads\/2021\/03\/couple_in_car@2x-768x480.jpg 768w, https:\/\/partner.welcomepickups.com\/wp-content\/uploads\/2021\/03\/couple_in_car@2x-615x385.jpg 615w\" sizes=\"auto, (max-width: 900px) 100vw, 900px\" \/>        <\/figure>\n          <\/div>\n    <div class=\"story-section--icon\">\n     <\/div>\n\n<\/section>\n\n\n<section class=\"head-subhead\">\n  <div class=\"container\">\n  <div class=\"row\">\n      <h3 class=\"h center\">Tambi\u00e9n ofrecemos una comisi\u00f3n a nuestros colaboradores<\/h3>\n    \n    <\/div>\n  <\/div>\n<\/section>\n\n\n<section class=\"tabs\">\n<div class=\"container\">\n<div class=\"row\">\n\t\t\t                  <div class=\"tabs--title\">\n                \t\t\t                    <a class='active' href=\"#content-tab-block_606312b326fa9-0\">\n\t\t\t                      Panel de comisiones\t\t\t                    <\/a>\n\n\n\t\t\t                <\/div>\n<div class=\"tabs--content\">\n                        <div class='active' id=\"content-tab-block_606312b326fa9-0\">\n\n                        <img loading=\"lazy\" decoding=\"async\" width=\"900\" height=\"506\" src=\"https:\/\/partner.welcomepickups.com\/wp-content\/uploads\/2021\/03\/Welcome_Pickups_Video_Revision-1.2021-03-30-14_58_06.gif\" class=\"attachment-full size-full\" alt=\"\" \/>                                    <\/div>\n                     <\/div>\n<\/div>\n<\/div>\n<\/section>\n\n\n<section class=\"cta\">\n\n  <div class=\"container cta-green\">\n    <div class=\"row\">\n      <h2 class=\"cta-green--title\">Inscr\u00edbete en nuestro servicio gratuito en tan solo 60 segundos <\/h2>\n\n            <div class=\"cta-green--content\">Reduce el trabajo log\u00edstico, aumenta tus ingresos y ofr\u00e9celes un aliciente a tus hu\u00e9spedes.<\/div>\n            \n        <div class=\"cta-green--button\">\n<a class=\"btn lg\" href=\"https:\/\/go.partner.welcomepickups.com\/en\/hotels\/signup\/\">\nInscr\u00edbete<\/a>\n<\/div>\n\n\n    <\/div>\n\n  <\/div>\n\n<\/section>\n","protected":false},"excerpt":{"rendered":"","protected":false},"author":7,"featured_media":0,"parent":0,"menu_order":0,"comment_status":"closed","ping_status":"closed","template":"","meta":{"content-type":"","inline_featured_image":false,"footnotes":""},"class_list":["post-2545","page","type-page","status-publish","hentry"],"yoast_head":"<!-- This site is optimized with the Yoast SEO plugin v22.7 - https:\/\/yoast.com\/wordpress\/plugins\/seo\/ -->\n<title>Precios- Welcome Pickups para hoteles<\/title>\n<meta name=\"description\" content=\"Una nueva soluci\u00f3n para Hoteles gratuita Reduce el trabajo log\u00edstico, aumenta tus ingresos y ofr\u00e9celes un aliciente a tus hu\u00e9spedes.\" \/>\n<meta name=\"robots\" content=\"index, follow, max-snippet:-1, max-image-preview:large, max-video-preview:-1\" \/>\n<link rel=\"canonical\" href=\"https:\/\/partner.welcomepickups.com\/hotels\/pricing\/\" \/>\n<meta property=\"og:locale\" content=\"es_ES\" \/>\n<meta property=\"og:type\" content=\"article\" \/>\n<meta property=\"og:title\" content=\"Precios- Welcome Pickups para hoteles\" \/>\n<meta property=\"og:description\" content=\"Una nueva soluci\u00f3n para Hoteles gratuita Reduce el trabajo log\u00edstico, aumenta tus ingresos y ofr\u00e9celes un aliciente a tus hu\u00e9spedes.\" \/>\n<meta property=\"og:url\" content=\"https:\/\/partner.welcomepickups.com\/hotels\/pricing\/\" \/>\n<meta property=\"og:site_name\" content=\"Partners\" \/>\n<meta property=\"article:modified_time\" content=\"2021-05-26T10:41:05+00:00\" \/>\n<meta name=\"twitter:card\" content=\"summary_large_image\" \/>\n<script type=\"application\/ld+json\" class=\"yoast-schema-graph\">{\"@context\":\"https:\/\/schema.org\",\"@graph\":[{\"@type\":\"WebPage\",\"@id\":\"https:\/\/partner.welcomepickups.com\/hotels\/pricing\/\",\"url\":\"https:\/\/partner.welcomepickups.com\/hotels\/pricing\/\",\"name\":\"Precios- Welcome Pickups para hoteles\",\"isPartOf\":{\"@id\":\"https:\/\/partner.welcomepickups.com\/#website\"},\"datePublished\":\"2021-05-10T13:40:33+00:00\",\"dateModified\":\"2021-05-26T10:41:05+00:00\",\"description\":\"Una nueva soluci\u00f3n para Hoteles gratuita Reduce el trabajo log\u00edstico, aumenta tus ingresos y ofr\u00e9celes un aliciente a tus hu\u00e9spedes.\",\"breadcrumb\":{\"@id\":\"https:\/\/partner.welcomepickups.com\/hotels\/pricing\/#breadcrumb\"},\"inLanguage\":\"es\",\"potentialAction\":[{\"@type\":\"ReadAction\",\"target\":[\"https:\/\/partner.welcomepickups.com\/hotels\/pricing\/\"]}]},{\"@type\":\"BreadcrumbList\",\"@id\":\"https:\/\/partner.welcomepickups.com\/hotels\/pricing\/#breadcrumb\",\"itemListElement\":[{\"@type\":\"ListItem\",\"position\":1,\"name\":\"Home\",\"item\":\"https:\/\/partner.welcomepickups.com\/home\/\"},{\"@type\":\"ListItem\",\"position\":2,\"name\":\"Precios\"}]},{\"@type\":\"WebSite\",\"@id\":\"https:\/\/partner.welcomepickups.com\/#website\",\"url\":\"https:\/\/partner.welcomepickups.com\/\",\"name\":\"Partners\",\"description\":\"\",\"publisher\":{\"@id\":\"https:\/\/partner.welcomepickups.com\/#organization\"},\"potentialAction\":[{\"@type\":\"SearchAction\",\"target\":{\"@type\":\"EntryPoint\",\"urlTemplate\":\"https:\/\/partner.welcomepickups.com\/?s={search_term_string}\"},\"query-input\":\"required name=search_term_string\"}],\"inLanguage\":\"es\"},{\"@type\":\"Organization\",\"@id\":\"https:\/\/partner.welcomepickups.com\/#organization\",\"name\":\"Partners\",\"url\":\"https:\/\/partner.welcomepickups.com\/\",\"logo\":{\"@type\":\"ImageObject\",\"inLanguage\":\"es\",\"@id\":\"https:\/\/partner.welcomepickups.com\/#\/schema\/logo\/image\/\",\"url\":\"https:\/\/partner.welcomepickups.com\/wp-content\/uploads\/2021\/03\/logo_dark.svg\",\"contentUrl\":\"https:\/\/partner.welcomepickups.com\/wp-content\/uploads\/2021\/03\/logo_dark.svg\",\"width\":127,\"height\":34,\"caption\":\"Partners\"},\"image\":{\"@id\":\"https:\/\/partner.welcomepickups.com\/#\/schema\/logo\/image\/\"}}]}<\/script>\n<!-- \/ Yoast SEO plugin. -->","yoast_head_json":{"title":"Precios- Welcome Pickups para hoteles","description":"Una nueva soluci\u00f3n para Hoteles gratuita Reduce el trabajo log\u00edstico, aumenta tus ingresos y ofr\u00e9celes un aliciente a tus hu\u00e9spedes.","robots":{"index":"index","follow":"follow","max-snippet":"max-snippet:-1","max-image-preview":"max-image-preview:large","max-video-preview":"max-video-preview:-1"},"canonical":"https:\/\/partner.welcomepickups.com\/hotels\/pricing\/","og_locale":"es_ES","og_type":"article","og_title":"Precios- Welcome Pickups para hoteles","og_description":"Una nueva soluci\u00f3n para Hoteles gratuita Reduce el trabajo log\u00edstico, aumenta tus ingresos y ofr\u00e9celes un aliciente a tus hu\u00e9spedes.","og_url":"https:\/\/partner.welcomepickups.com\/hotels\/pricing\/","og_site_name":"Partners","article_modified_time":"2021-05-26T10:41:05+00:00","twitter_card":"summary_large_image","schema":{"@context":"https:\/\/schema.org","@graph":[{"@type":"WebPage","@id":"https:\/\/partner.welcomepickups.com\/hotels\/pricing\/","url":"https:\/\/partner.welcomepickups.com\/hotels\/pricing\/","name":"Precios- Welcome Pickups para hoteles","isPartOf":{"@id":"https:\/\/partner.welcomepickups.com\/#website"},"datePublished":"2021-05-10T13:40:33+00:00","dateModified":"2021-05-26T10:41:05+00:00","description":"Una nueva soluci\u00f3n para Hoteles gratuita Reduce el trabajo log\u00edstico, aumenta tus ingresos y ofr\u00e9celes un aliciente a tus hu\u00e9spedes.","breadcrumb":{"@id":"https:\/\/partner.welcomepickups.com\/hotels\/pricing\/#breadcrumb"},"inLanguage":"es","potentialAction":[{"@type":"ReadAction","target":["https:\/\/partner.welcomepickups.com\/hotels\/pricing\/"]}]},{"@type":"BreadcrumbList","@id":"https:\/\/partner.welcomepickups.com\/hotels\/pricing\/#breadcrumb","itemListElement":[{"@type":"ListItem","position":1,"name":"Home","item":"https:\/\/partner.welcomepickups.com\/home\/"},{"@type":"ListItem","position":2,"name":"Precios"}]},{"@type":"WebSite","@id":"https:\/\/partner.welcomepickups.com\/#website","url":"https:\/\/partner.welcomepickups.com\/","name":"Partners","description":"","publisher":{"@id":"https:\/\/partner.welcomepickups.com\/#organization"},"potentialAction":[{"@type":"SearchAction","target":{"@type":"EntryPoint","urlTemplate":"https:\/\/partner.welcomepickups.com\/?s={search_term_string}"},"query-input":"required name=search_term_string"}],"inLanguage":"es"},{"@type":"Organization","@id":"https:\/\/partner.welcomepickups.com\/#organization","name":"Partners","url":"https:\/\/partner.welcomepickups.com\/","logo":{"@type":"ImageObject","inLanguage":"es","@id":"https:\/\/partner.welcomepickups.com\/#\/schema\/logo\/image\/","url":"https:\/\/partner.welcomepickups.com\/wp-content\/uploads\/2021\/03\/logo_dark.svg","contentUrl":"https:\/\/partner.welcomepickups.com\/wp-content\/uploads\/2021\/03\/logo_dark.svg","width":127,"height":34,"caption":"Partners"},"image":{"@id":"https:\/\/partner.welcomepickups.com\/#\/schema\/logo\/image\/"}}]}},"_links":{"self":[{"href":"https:\/\/partner.welcomepickups.com\/es\/wp-json\/wp\/v2\/pages\/2545","targetHints":{"allow":["GET"]}}],"collection":[{"href":"https:\/\/partner.welcomepickups.com\/es\/wp-json\/wp\/v2\/pages"}],"about":[{"href":"https:\/\/partner.welcomepickups.com\/es\/wp-json\/wp\/v2\/types\/page"}],"author":[{"embeddable":true,"href":"https:\/\/partner.welcomepickups.com\/es\/wp-json\/wp\/v2\/users\/7"}],"replies":[{"embeddable":true,"href":"https:\/\/partner.welcomepickups.com\/es\/wp-json\/wp\/v2\/comments?post=2545"}],"version-history":[{"count":4,"href":"https:\/\/partner.welcomepickups.com\/es\/wp-json\/wp\/v2\/pages\/2545\/revisions"}],"predecessor-version":[{"id":2666,"href":"https:\/\/partner.welcomepickups.com\/es\/wp-json\/wp\/v2\/pages\/2545\/revisions\/2666"}],"wp:attachment":[{"href":"https:\/\/partner.welcomepickups.com\/es\/wp-json\/wp\/v2\/media?parent=2545"}],"curies":[{"name":"wp","href":"https:\/\/api.w.org\/{rel}","templated":true}]}}